{"id":136,"date":"2019-10-31T10:30:42","date_gmt":"2019-10-31T10:30:42","guid":{"rendered":"https:\/\/nonnativewarpaint.wordpress.com\/?page_id=136"},"modified":"2019-12-20T22:15:46","modified_gmt":"2019-12-20T22:15:46","slug":"gender","status":"publish","type":"page","link":"https:\/\/microsites.csusm.edu\/nonnativewarpaint\/gender\/","title":{"rendered":"Gender"},"content":{"rendered":"\n<p><span style=\"font-weight: 400;\">In the preceding pages, one may notice that all of the characters I have spoken about are male. This is not an oversight on my part. The writers apparently thought there was little room for women in these stories, especially Native American women, laced as they are with violent conflict which traditionally privileges males. <\/span><i><span style=\"font-weight: 400;\">All for Liberty, America, Turn: Washington\u2019s Spies, Washington the Warrior, The American Revolution, <\/span><\/i><span style=\"font-weight: 400;\">and <\/span><i><span style=\"font-weight: 400;\">Drums Along the Mohawk <\/span><\/i><span style=\"font-weight: 400;\">all have zero female American Indian representation. In <\/span><i><span style=\"font-weight: 400;\">Liberty\u2019s Kids<\/span><\/i><span style=\"font-weight: 400;\">, Native American women are present in episode 27 and 31 but only as scenery; none of the male characters interact with them at all (unlike a main character who is a British girl). <\/span><i><span style=\"font-weight: 400;\">Sign of the Otter<\/span><\/i><span style=\"font-weight: 400;\"> has a couple lines for Tekhane\u2019s partner, and a few other women are present in Tekhane\u2019s village, but this makes up a tiny minority of the screen time and narrative importance, especially after Tekhane and Todd leave on their mission.<\/span><\/p>\n\n\n\n<p><span style=\"font-weight: 400;\">There are two minor female characters in <\/span><i><span style=\"font-weight: 400;\">ACIII<\/span><\/i><span style=\"font-weight: 400;\">. The first is Kanieht\u00ed:io (Kaniehtiio Horn), mother of Ratonhnhak\u00e9:ton, who plays a significant role in the prologue of <\/span><i><span style=\"font-weight: 400;\">ACIII<\/span><\/i><span style=\"font-weight: 400;\">. She becomes involved with the machinations of Haytham Kenway (Adrian Hough) first by wanting nothing to do with him. He is able to convince her to at least listen to him by rescuing some of Kanieht\u00ed:io\u2019s people from British incarceration. She is presented as a strong, capable woman who knows what her goals are and who has a stubborn disinclination to work with this British man that she initially treats dismissively. She is portrayed as being skilled in the outdoors and in hand to hand combat, along with a no-nonsense pragmatic demeanor to go along with her intelligence. She is, unfortunately, killed to provide Ratonhnhak\u00e9:ton with the revenge motivation that propels him through the story of <\/span><i><span style=\"font-weight: 400;\">ACIII<\/span><\/i><span style=\"font-weight: 400;\">. One of the classic tropes in Westerns is that Native women who become intimately involved with white men must be killed in order to free the white man from her dangerous corrupting influence, or to narratively punish her for miscegenation.<sup>10<\/sup><\/span><span style=\"font-weight: 400;\"> I do not believe that Kanieht\u00ed:io is killed for these classic Western tropes, since Haytham is not the hero of the story. Haytham is, in fact, one of the primary antagonists, second only to Charles Lee (Neil Napier), who is the person Ratonhnhak\u00e9:ton believes is responsible for Kanieht\u00ed:io\u2019s death. It is this revenge story that is at the heart of <\/span><i><span style=\"font-weight: 400;\">ACIII<\/span><\/i><span style=\"font-weight: 400;\">, around which the events of the American Revolution are woven.<\/span><\/p>\n\n\n\n<figure class=\"wp-block-gallery columns-3 is-cropped wp-block-gallery-1 is-layout-flex wp-block-gallery-is-layout-flex\"><ul class=\"blocks-gallery-grid\"><li class=\"blocks-gallery-item\"><figure><img loading=\"lazy\" decoding=\"async\" width=\"1600\" height=\"3047\" src=\"https:\/\/microsites.csusm.edu\/nonnativewarpaint\/wp-content\/uploads\/sites\/37\/2019\/10\/aciii-tsio_render.png\" alt=\"\" data-id=\"139\" class=\"wp-image-139\" srcset=\"https:\/\/microsites.csusm.edu\/nonnativewarpaint\/wp-content\/uploads\/sites\/37\/2019\/10\/aciii-tsio_render.png 1600w, https:\/\/microsites.csusm.edu\/nonnativewarpaint\/wp-content\/uploads\/sites\/37\/2019\/10\/aciii-tsio_render-158x300.png 158w, https:\/\/microsites.csusm.edu\/nonnativewarpaint\/wp-content\/uploads\/sites\/37\/2019\/10\/aciii-tsio_render-538x1024.png 538w, https:\/\/microsites.csusm.edu\/nonnativewarpaint\/wp-content\/uploads\/sites\/37\/2019\/10\/aciii-tsio_render-768x1463.png 768w, https:\/\/microsites.csusm.edu\/nonnativewarpaint\/wp-content\/uploads\/sites\/37\/2019\/10\/aciii-tsio_render-807x1536.png 807w, https:\/\/microsites.csusm.edu\/nonnativewarpaint\/wp-content\/uploads\/sites\/37\/2019\/10\/aciii-tsio_render-1075x2048.png 1075w, https:\/\/microsites.csusm.edu\/nonnativewarpaint\/wp-content\/uploads\/sites\/37\/2019\/10\/aciii-tsio_render-1568x2986.png 1568w\" sizes=\"auto, (max-width: 1600px) 100vw, 1600px\" \/><\/figure><\/li><li class=\"blocks-gallery-item\"><figure><img loading=\"lazy\" decoding=\"async\" width=\"295\" height=\"800\" src=\"https:\/\/microsites.csusm.edu\/nonnativewarpaint\/wp-content\/uploads\/sites\/37\/2019\/10\/aciii-clanmother.png\" alt=\"\" data-id=\"138\" class=\"wp-image-138\" srcset=\"https:\/\/microsites.csusm.edu\/nonnativewarpaint\/wp-content\/uploads\/sites\/37\/2019\/10\/aciii-clanmother.png 295w, https:\/\/microsites.csusm.edu\/nonnativewarpaint\/wp-content\/uploads\/sites\/37\/2019\/10\/aciii-clanmother-111x300.png 111w\" sizes=\"auto, (max-width: 295px) 100vw, 295px\" \/><\/figure><\/li><\/ul><\/figure>\n\n\n\n<p><em><span style=\"font-weight: 400;\">Left: Kanieht\u00ed:io. Right: Oi\u00e1:ner. Image credit: Assassin\u2019s Creed fandom wiki: https:\/\/assassinscreed.fandom.com\/wiki\/Kanieht\u00ed:io and https:\/\/assassinscreed.fandom.com\/wiki\/Oi\u00e1:ner<\/span><\/em><\/p>\n\n\n\n<p><span style=\"font-weight: 400;\">The other minor female American Indian character of note in <\/span><i><span style=\"font-weight: 400;\">ACIII <\/span><\/i><span style=\"font-weight: 400;\">is Oi\u00e1:ner (Myl\u00e8ne Dinh-Robic), an elderly wise woman in the village who counsels a young Ratonhnhak\u00e9:ton. He contemplates her advice seriously when she advocates for him to stay in their village and help protect their people from within, but Ratonhnhak\u00e9:ton decides he must leave and protect their people from without. Oi\u00e1:ner gives him her blessing, respecting his freedom of autonomy, and he sets off on his Western quest to avenge the death of his mother. To Ubisoft\u2019s credit, Oi\u00e1:ner does not appear to fit into a stereotype more serious than \u201cold wise woman,\u201d yet no further character development occurs that may have pushed her towards other existing stereotypes.<\/span><\/p>\n\n\n\n<hr class=\"wp-block-separator\"\/>\n\n\n\n<p>10. Marubbio, 7-8, 17.<\/p>\n","protected":false},"excerpt":{"rendered":"<p>In the preceding pages, one may notice that all of the characters I have spoken about are male. This is not an oversight on my part. The writers apparently thought there was little room for women in these stories, especially Native American women, laced as they are with violent conflict which traditionally privileges males. All [&hellip;]<\/p>\n","protected":false},"author":77,"featured_media":94,"parent":0,"menu_order":0,"comment_status":"closed","ping_status":"closed","template":"","meta":{"footnotes":""},"class_list":["post-136","page","type-page","status-publish","has-post-thumbnail","hentry"],"jetpack_sharing_enabled":true,"_links":{"self":[{"href":"https:\/\/microsites.csusm.edu\/nonnativewarpaint\/wp-json\/wp\/v2\/pages\/136","targetHints":{"allow":["GET"]}}],"collection":[{"href":"https:\/\/microsites.csusm.edu\/nonnativewarpaint\/wp-json\/wp\/v2\/pages"}],"about":[{"href":"https:\/\/microsites.csusm.edu\/nonnativewarpaint\/wp-json\/wp\/v2\/types\/page"}],"author":[{"embeddable":true,"href":"https:\/\/microsites.csusm.edu\/nonnativewarpaint\/wp-json\/wp\/v2\/users\/77"}],"replies":[{"embeddable":true,"href":"https:\/\/microsites.csusm.edu\/nonnativewarpaint\/wp-json\/wp\/v2\/comments?post=136"}],"version-history":[{"count":0,"href":"https:\/\/microsites.csusm.edu\/nonnativewarpaint\/wp-json\/wp\/v2\/pages\/136\/revisions"}],"wp:featuredmedia":[{"embeddable":true,"href":"https:\/\/microsites.csusm.edu\/nonnativewarpaint\/wp-json\/wp\/v2\/media\/94"}],"wp:attachment":[{"href":"https:\/\/microsites.csusm.edu\/nonnativewarpaint\/wp-json\/wp\/v2\/media?parent=136"}],"curies":[{"name":"wp","href":"https:\/\/api.w.org\/{rel}","templated":true}]}}